{"id":1852,"date":"2021-05-17T12:57:42","date_gmt":"2021-05-17T11:57:42","guid":{"rendered":"https:\/\/www.cor-biskupija.org\/?page_id=1852"},"modified":"2023-05-29T13:59:25","modified_gmt":"2023-05-29T12:59:25","slug":"o-zajednici","status":"publish","type":"page","link":"https:\/\/www.cor-biskupija.org\/home\/o-zajednici\/","title":{"rendered":"O kolekciji"},"content":{"rendered":"\t\t<div data-elementor-type=\"wp-page\" data-elementor-id=\"1852\" class=\"elementor elementor-1852\" data-elementor-settings=\"[]\">\n\t\t\t\t\t\t\t<div class=\"elementor-section-wrap\">\n\t\t\t\t\t\t\t<section class=\"elementor-section elementor-top-section elementor-element elementor-element-6ff2ff7 elementor-section-boxed elementor-section-height-default elementor-section-height-default\" data-id=\"6ff2ff7\" data-element_type=\"section\" data-settings=\"{&quot;background_background&quot;:&quot;classic&quot;}\">\n\t\t\t\t\t\t\t<div class=\"elementor-background-overlay\"><\/div>\n\t\t\t\t\t\t\t<div class=\"elementor-container elementor-column-gap-no\">\n\t\t\t\t\t<div class=\"elementor-column elementor-col-100 elementor-top-column elementor-element elementor-element-d4acc06\" data-id=\"d4acc06\" data-element_type=\"column\">\n\t\t\t<div class=\"elementor-widget-wrap elementor-element-populated\">\n\t\t\t\t\t\t\t\t<div class=\"elementor-element elementor-element-bee4950 elementor-widget elementor-widget-heading\" data-id=\"bee4950\" data-element_type=\"widget\" data-widget_type=\"heading.default\">\n\t\t\t\t<div class=\"elementor-widget-container\">\n\t\t\t<h1 class=\"elementor-heading-title elementor-size-default\">O kolekciji<\/h1>\t\t<\/div>\n\t\t\t\t<\/div>\n\t\t\t\t\t<\/div>\n\t\t<\/div>\n\t\t\t\t\t\t\t<\/div>\n\t\t<\/section>\n\t\t\t\t<section class=\"elementor-section elementor-top-section elementor-element elementor-element-3a7934b elementor-section-boxed elementor-section-height-default elementor-section-height-default\" data-id=\"3a7934b\" data-element_type=\"section\">\n\t\t\t\t\t\t<div class=\"elementor-container elementor-column-gap-default\">\n\t\t\t\t\t<div class=\"elementor-column elementor-col-100 elementor-top-column elementor-element elementor-element-a50c7cb\" data-id=\"a50c7cb\" data-element_type=\"column\">\n\t\t\t<div class=\"elementor-widget-wrap elementor-element-populated\">\n\t\t\t\t\t\t\t\t<div class=\"elementor-element elementor-element-5702739 elementor-widget elementor-widget-heading\" data-id=\"5702739\" data-element_type=\"widget\" data-widget_type=\"heading.default\">\n\t\t\t\t<div class=\"elementor-widget-container\">\n\t\t\t<h2 class=\"elementor-heading-title elementor-size-large\">Svaki komad nakita, odje\u0107e ili ukrasa za dom iz na\u0161e kolekcije je unikatan ru\u010dni rad i izra\u0111uje se po narud\u017ebi. <\/h2>\t\t<\/div>\n\t\t\t\t<\/div>\n\t\t\t\t\t<\/div>\n\t\t<\/div>\n\t\t\t\t\t\t\t<\/div>\n\t\t<\/section>\n\t\t\t\t<section class=\"elementor-section elementor-top-section elementor-element elementor-element-a5ba650 elementor-section-boxed elementor-section-height-default elementor-section-height-default\" data-id=\"a5ba650\" data-element_type=\"section\">\n\t\t\t\t\t\t<div class=\"elementor-container elementor-column-gap-default\">\n\t\t\t\t\t<div class=\"elementor-column elementor-col-100 elementor-top-column elementor-element elementor-element-c9a867b\" data-id=\"c9a867b\" data-element_type=\"column\">\n\t\t\t<div class=\"elementor-widget-wrap elementor-element-populated\">\n\t\t\t\t\t\t\t\t<div class=\"elementor-element elementor-element-970cf1f elementor-widget-divider--view-line elementor-widget elementor-widget-divider\" data-id=\"970cf1f\" data-element_type=\"widget\" data-widget_type=\"divider.default\">\n\t\t\t\t<div class=\"elementor-widget-container\">\n\t\t\t\t\t<div class=\"elementor-divider\">\n\t\t\t<span class=\"elementor-divider-separator\">\n\t\t\t\t\t\t<\/span>\n\t\t<\/div>\n\t\t\t\t<\/div>\n\t\t\t\t<\/div>\n\t\t\t\t\t<\/div>\n\t\t<\/div>\n\t\t\t\t\t\t\t<\/div>\n\t\t<\/section>\n\t\t\t\t<section class=\"elementor-section elementor-top-section elementor-element elementor-element-a26176a elementor-section-boxed elementor-section-height-default elementor-section-height-default\" data-id=\"a26176a\" data-element_type=\"section\">\n\t\t\t\t\t\t<div class=\"elementor-container elementor-column-gap-no\">\n\t\t\t\t\t<div class=\"elementor-column elementor-col-100 elementor-top-column elementor-element elementor-element-61ca281\" data-id=\"61ca281\" data-element_type=\"column\">\n\t\t\t<div class=\"elementor-widget-wrap elementor-element-populated\">\n\t\t\t\t\t\t\t\t<div class=\"elementor-element elementor-element-973ddb1 elementor-widget elementor-widget-heading\" data-id=\"973ddb1\" data-element_type=\"widget\" data-widget_type=\"heading.default\">\n\t\t\t\t<div class=\"elementor-widget-container\">\n\t\t\t<h1 class=\"elementor-heading-title elementor-size-default\">O kolekciji<\/h1>\t\t<\/div>\n\t\t\t\t<\/div>\n\t\t\t\t<div class=\"elementor-element elementor-element-63b1ad7 elementor-widget elementor-widget-text-editor\" data-id=\"63b1ad7\" data-element_type=\"widget\" data-widget_type=\"text-editor.default\">\n\t\t\t\t<div class=\"elementor-widget-container\">\n\t\t\t\t\t\t\t<p style=\"background-image: initial; background-position: initial; background-size: initial; background-repeat: initial; background-attachment: initial; background-origin: initial; background-clip: initial;\"><span style=\"border-width: 1pt; border-style: none; border-color: windowtext; padding: 0cm;\">Kolekcija odjevnih i ku\u0107anskih predmeta &#8220;\u010carobni cvijet Lovasa&#8221; pri\u010da romanti\u010dnu pri\u010du o revitalizaciji kulturne ba\u0161tine isto\u010dne Hrvatske, o\u017eivljavanju starih zanata izrade zlatoveza i \u0161linge te pokretanju dru\u0161tvenog poduzetni\u0161tva u malenoj srijemskoj op\u0107ini Lovas.<\/span><span style=\"font-family: san-serif, serif;\"><o:p><\/o:p><\/span><\/p>\n<p style=\"background-image: initial; background-position: initial; background-size: initial; background-repeat: initial; background-attachment: initial; background-origin: initial; background-clip: initial;\"><span style=\"border-width: 1pt; border-style: none; border-color: windowtext; padding: 0cm;\">Vrijedne seoske \u017eene, \u010duvarice nematerijalne kulturne ba\u0161tine kraja, revitalizirale su izvorne tradicijske tehnike ru\u010dne izrade zlatoveza i \u0161linge te kreirale lovaski suvenir baziran na preko sto godina staroj cvjetnoj mustri iz bogate tradicijske ostav\u0161tine svoje sumje\u0161tanke bake Ane Kova\u010devi\u0107. Uz stru\u010dno vodstvo poznate modne dizajnerice Andrijane Suboti\u0107 Pjaj\u010dik, aplicirale su je na \u010ditav niz odjevnih i ku\u0107anskih predmeta, stvoriv\u0161i tako svoju prvu ljetnu kolekciju modernog etno dizajna.<\/span><span style=\"font-family: san-serif, serif;\"><o:p><\/o:p><\/span><\/p>\n<p style=\"background-image: initial; background-position: initial; background-size: initial; background-repeat: initial; background-attachment: initial; background-origin: initial; background-clip: initial;\"><span style=\"border-width: 1pt; border-style: none; border-color: windowtext; padding: 0cm;\">Rasko\u0161na cvjetna mustra bake Ane me\u0111u rijetkim je kulturnim dobrima koja su pre\u017eivjela ratna razaranja u Srijemu po\u010detkom devedesetih<br>godina pro\u0161log stolje\u0107a. Bila je skrivena u malom kov\u010de\u017ei\u0107u zakopanom na njivi, zajedno s obiteljskim fotografijama. Te\u0161ko je re\u0107i koliko je zapravo kulturnog bogatstva izgubljeno u tom periodu, stoga je ono malo \u0161to je spa\u0161eno, poput na\u0161eg \u201e\u010carobnog cvijeta Lovasa\u201c, jako vrijedno za kulturu kraja.&nbsp;&nbsp;<\/span><span style=\"font-family: san-serif, serif;\"><o:p><\/o:p><\/span><\/p>\n<p style=\"background-image: initial; background-position: initial; background-size: initial; background-repeat: initial; background-attachment: initial; background-origin: initial; background-clip: initial;\"><span style=\"border-width: 1pt; border-style: none; border-color: windowtext; padding: 0cm;\">O\u017eivljavanje tradicijskih zanata jedan je od programa Centra za odr\u017eivi razvoj lokalne zajednice op\u0107ine Lovas, projekta koji je proveden od<br>studenog 2021. do svibnja 2023. godine s ciljem demografske, gospodarske, dru\u0161tvene i kulturne revitalizacije op\u0107ine. Cilj programa je otvaranje novih mogu\u0107nosti za zapo\u0161ljavanje lokalnog stanovni\u0161tva, posebice nezaposlenih seoskih \u017eena.<\/span><\/p>\n<p style=\"background-image: initial; background-position: initial; background-size: initial; background-repeat: initial; background-attachment: initial; background-origin: initial; background-clip: initial;\"><span style=\"border-width: 1pt; border-style: none; border-color: windowtext; padding: 0cm;\">U partnerstvu s Op\u0107inom Lovas i 5 lokalnih nevladinih udruga, Udruga VISOKI JABLANI opremila je malu \u0160ivaonu u kojoj desetak lovaskih \u017eena marljivo usavr\u0161ava vje\u0161tine izrade modernih odjevnih i ku\u0107anskih predmeta s tradicijskim vezovima i elementima narodnih no\u0161nji.<\/span><span style=\"font-family: san-serif, serif;\"><o:p><\/o:p><\/span><\/p>\n<p><br><\/p>\n<p style=\"background-image: initial; background-position: initial; background-size: initial; background-repeat: initial; background-attachment: initial; background-origin: initial; background-clip: initial;\"><span style=\"border-width: 1pt; border-style: none; border-color: windowtext; padding: 0cm;\">Proizvode iz kataloga mo\u017eete naru\u010diti putem na\u0161eg Web shopa na stranici&nbsp;<\/span><a href=\"http:\/\/www.cor-biskupija.org\" target=\"_blank\">www.cor-lovas.org<\/a><span style=\"font-family: san-serif, serif;\">&nbsp;<\/span><span style=\"border-width: 1pt; border-style: none; border-color: windowtext; padding: 0cm;\">ili nas mo\u017eete kontaktirati sa svojim specifi\u010dnim \u017eeljama putem e-maila&nbsp;<\/span><span style=\"border-width: 1pt; border-style: none; border-color: windowtext; padding: 0cm;\"><a href=\"mailto:ured@visoki-jablani.org\" target=\"_blank\">ured@visoki-jablani.org<\/a>.&nbsp;&nbsp;<\/span><\/p><p style=\"background-image: initial; background-position: initial; background-size: initial; background-repeat: initial; background-attachment: initial; background-origin: initial; background-clip: initial;\"><span style=\"border-width: 1pt; border-style: none; border-color: windowtext; padding: 0cm;\">Svakom svojom kupnjom podupirete dru\u0161tvenu odgovornost, odr\u017eivost projekta i novih radnih mjesta u lokalnoj zajednici.<\/span><\/p>\t\t\t\t\t\t<\/div>\n\t\t\t\t<\/div>\n\t\t\t\t\t<\/div>\n\t\t<\/div>\n\t\t\t\t\t\t\t<\/div>\n\t\t<\/section>\n\t\t\t\t<section class=\"elementor-section elementor-top-section elementor-element elementor-element-a68b069 elementor-section-boxed elementor-section-height-default elementor-section-height-default\" data-id=\"a68b069\" data-element_type=\"section\">\n\t\t\t\t\t\t<div class=\"elementor-container elementor-column-gap-default\">\n\t\t\t\t\t<div class=\"elementor-column elementor-col-100 elementor-top-column elementor-element elementor-element-76921ff\" data-id=\"76921ff\" data-element_type=\"column\">\n\t\t\t<div class=\"elementor-widget-wrap elementor-element-populated\">\n\t\t\t\t\t\t\t\t<div class=\"elementor-element elementor-element-048516f elementor-widget-divider--view-line elementor-widget elementor-widget-divider\" data-id=\"048516f\" data-element_type=\"widget\" data-widget_type=\"divider.default\">\n\t\t\t\t<div class=\"elementor-widget-container\">\n\t\t\t\t\t<div class=\"elementor-divider\">\n\t\t\t<span class=\"elementor-divider-separator\">\n\t\t\t\t\t\t<\/span>\n\t\t<\/div>\n\t\t\t\t<\/div>\n\t\t\t\t<\/div>\n\t\t\t\t\t<\/div>\n\t\t<\/div>\n\t\t\t\t\t\t\t<\/div>\n\t\t<\/section>\n\t\t\t\t\t\t<\/div>\n\t\t\t\t\t<\/div>\n\t\t","protected":false},"excerpt":{"rendered":"<p>O kolekciji Svaki komad nakita, odje\u0107e ili ukrasa za dom iz na\u0161e kolekcije je unikatan ru\u010dni rad i izra\u0111uje se po narud\u017ebi. O kolekciji Kolekcija odjevnih i ku\u0107anskih predmeta &#8220;\u010carobni &hellip;<\/p>\n<p class=\"read-more\"> <a class=\"\" href=\"https:\/\/www.cor-biskupija.org\/home\/o-zajednici\/\"> <span class=\"screen-reader-text\">O kolekciji<\/span> Read More &raquo;<\/a><\/p>\n","protected":false},"author":3,"featured_media":0,"parent":0,"menu_order":0,"comment_status":"closed","ping_status":"closed","template":"","meta":{"site-sidebar-layout":"no-sidebar","site-content-layout":"page-builder","ast-global-header-display":"","ast-main-header-display":"","ast-hfb-above-header-display":"","ast-hfb-below-header-display":"","ast-hfb-mobile-header-display":"","site-post-title":"disabled","ast-breadcrumbs-content":"disabled","ast-featured-img":"disabled","footer-sml-layout":"","theme-transparent-header-meta":"enabled","adv-header-id-meta":"","stick-header-meta":"","header-above-stick-meta":"","header-main-stick-meta":"","header-below-stick-meta":""},"_links":{"self":[{"href":"https:\/\/www.cor-biskupija.org\/home\/wp-json\/wp\/v2\/pages\/1852"}],"collection":[{"href":"https:\/\/www.cor-biskupija.org\/home\/wp-json\/wp\/v2\/pages"}],"about":[{"href":"https:\/\/www.cor-biskupija.org\/home\/wp-json\/wp\/v2\/types\/page"}],"author":[{"embeddable":true,"href":"https:\/\/www.cor-biskupija.org\/home\/wp-json\/wp\/v2\/users\/3"}],"replies":[{"embeddable":true,"href":"https:\/\/www.cor-biskupija.org\/home\/wp-json\/wp\/v2\/comments?post=1852"}],"version-history":[{"count":117,"href":"https:\/\/www.cor-biskupija.org\/home\/wp-json\/wp\/v2\/pages\/1852\/revisions"}],"predecessor-version":[{"id":5595,"href":"https:\/\/www.cor-biskupija.org\/home\/wp-json\/wp\/v2\/pages\/1852\/revisions\/5595"}],"wp:attachment":[{"href":"https:\/\/www.cor-biskupija.org\/home\/wp-json\/wp\/v2\/media?parent=1852"}],"curies":[{"name":"wp","href":"https:\/\/api.w.org\/{rel}","templated":true}]}}