{"id":3030,"date":"2022-01-13T09:58:05","date_gmt":"2022-01-13T08:58:05","guid":{"rendered":"https:\/\/www.cor-biskupija.org\/home\/?page_id=3030"},"modified":"2022-04-01T09:18:27","modified_gmt":"2022-04-01T08:18:27","slug":"nas-tim","status":"publish","type":"page","link":"https:\/\/www.cor-biskupija.org\/home\/nas-tim\/","title":{"rendered":"Na\u0161 tim"},"content":{"rendered":"\t\t<div data-elementor-type=\"wp-page\" data-elementor-id=\"3030\" class=\"elementor elementor-3030\" data-elementor-settings=\"[]\">\n\t\t\t\t\t\t\t<div class=\"elementor-section-wrap\">\n\t\t\t\t\t\t\t<section class=\"elementor-section elementor-top-section elementor-element elementor-element-48e9e70 elementor-section-boxed elementor-section-height-default elementor-section-height-default\" data-id=\"48e9e70\" data-element_type=\"section\" data-settings=\"{&quot;background_background&quot;:&quot;classic&quot;}\">\n\t\t\t\t\t\t\t<div class=\"elementor-background-overlay\"><\/div>\n\t\t\t\t\t\t\t<div class=\"elementor-container elementor-column-gap-no\">\n\t\t\t\t\t<div class=\"elementor-column elementor-col-100 elementor-top-column elementor-element elementor-element-4481634\" data-id=\"4481634\" data-element_type=\"column\">\n\t\t\t<div class=\"elementor-widget-wrap elementor-element-populated\">\n\t\t\t\t\t\t\t\t<div class=\"elementor-element elementor-element-9c78992 elementor-widget elementor-widget-heading\" data-id=\"9c78992\" data-element_type=\"widget\" data-widget_type=\"heading.default\">\n\t\t\t\t<div class=\"elementor-widget-container\">\n\t\t\t<h1 class=\"elementor-heading-title elementor-size-default\">Koordinacijski tim<\/h1>\t\t<\/div>\n\t\t\t\t<\/div>\n\t\t\t\t\t<\/div>\n\t\t<\/div>\n\t\t\t\t\t\t\t<\/div>\n\t\t<\/section>\n\t\t\t\t<section class=\"elementor-section elementor-top-section elementor-element elementor-element-e82296c elementor-section-boxed elementor-section-height-default elementor-section-height-default\" data-id=\"e82296c\" data-element_type=\"section\">\n\t\t\t\t\t\t<div class=\"elementor-container elementor-column-gap-default\">\n\t\t\t\t\t<div class=\"elementor-column elementor-col-100 elementor-top-column elementor-element elementor-element-76df5c3\" data-id=\"76df5c3\" data-element_type=\"column\" data-settings=\"{&quot;background_background&quot;:&quot;classic&quot;}\">\n\t\t\t<div class=\"elementor-widget-wrap elementor-element-populated\">\n\t\t\t\t\t\t\t\t<div class=\"elementor-element elementor-element-c11f663 elementor-widget elementor-widget-image\" data-id=\"c11f663\" data-element_type=\"widget\" data-widget_type=\"image.default\">\n\t\t\t\t<div class=\"elementor-widget-container\">\n\t\t\t\t\t\t\t\t\t\t\t\t\t\t\t\t<a href=\"#elementor-action%3Aaction%3Dpopup%3Aopen%26settings%3DeyJpZCI6IjE2NDQiLCJ0b2dnbGUiOmZhbHNlfQ%3D%3D\">\n\t\t\t\t\t\t\t<img decoding=\"async\" width=\"1024\" height=\"776\" src=\"https:\/\/www.cor-biskupija.org\/wp-content\/uploads\/2022\/04\/Web-slika_tim-1024x776.jpg\" class=\"attachment-large size-large\" alt=\"\" loading=\"lazy\" srcset=\"https:\/\/www.cor-biskupija.org\/wp-content\/uploads\/2022\/04\/Web-slika_tim-1024x776.jpg 1024w, https:\/\/www.cor-biskupija.org\/wp-content\/uploads\/2022\/04\/Web-slika_tim-600x455.jpg 600w, https:\/\/www.cor-biskupija.org\/wp-content\/uploads\/2022\/04\/Web-slika_tim-300x227.jpg 300w, https:\/\/www.cor-biskupija.org\/wp-content\/uploads\/2022\/04\/Web-slika_tim-768x582.jpg 768w, https:\/\/www.cor-biskupija.org\/wp-content\/uploads\/2022\/04\/Web-slika_tim.jpg 1535w\" sizes=\"(max-width: 1024px) 100vw, 1024px\" \/>\t\t\t\t\t\t\t\t<\/a>\n\t\t\t\t\t\t\t\t\t\t\t\t\t\t\t<\/div>\n\t\t\t\t<\/div>\n\t\t\t\t<div class=\"elementor-element elementor-element-917239f elementor-widget elementor-widget-heading\" data-id=\"917239f\" data-element_type=\"widget\" data-widget_type=\"heading.default\">\n\t\t\t\t<div class=\"elementor-widget-container\">\n\t\t\t<h4 class=\"elementor-heading-title elementor-size-default\"><a href=\"#elementor-action%3Aaction%3Dpopup%3Aopen%26settings%3DeyJpZCI6IjE2NDQiLCJ0b2dnbGUiOmZhbHNlfQ%3D%3D\">Centar za odr\u017eivi razvoj lokalne zajednice op\u0107ine Lovas<\/a><\/h4>\t\t<\/div>\n\t\t\t\t<\/div>\n\t\t\t\t<div class=\"elementor-element elementor-element-9d7146d elementor-widget elementor-widget-text-editor\" data-id=\"9d7146d\" data-element_type=\"widget\" data-widget_type=\"text-editor.default\">\n\t\t\t\t<div class=\"elementor-widget-container\">\n\t\t\t\t\t\t\t<p><strong>Voditeljica projekta<\/strong> &#8211; Mihaela Jovi\u0107 Kare\u0161in, predsjednica Udruge VISOKI JABLANI, dipl. novinarka s 20 godina iskustva rada u sektoru civilnog dru\u0161tva, na razvoju razli\u010ditih EU projekata i programa. Bavila se upravljanjem organizacijama, prikupljanjem sredstava, upravljanjem osobljem i izgradnjom kapaciteta, istra\u017eivanjem i analizom politike i prakse, razvojem i upravljanjem projektima, pra\u0107enjem i evaluacijom te razvojem i provedbom obrazovnih programa (PCM, poslovno planiranje, digitalni mediji i zagovaranje, socijalna uklju\u010denost i razvoj mekih vje\u0161tina za zapo\u0161ljavanje, itd.). Stru\u010dnjakinja je za EU politike; socijalnu politiku, jednake mogu\u0107nosti i ljudska prava, ravnopravnost spolova i politike zapo\u0161ljavanja. Bila je vanjska stru\u010dnjakinja i predava\u010dica Instituta za europske politike iz Berlina u provedbi Sporazuma o stabilizaciji i pridru\u017eivanju (SSP) EU, za vladine du\u017enosnike i predstavnike nevladinih organizacija. Radila je kao stru\u010dna suradnica Vlade RH, Ureda za ravnopravnost spolova, na pra\u0107enju razine uskla\u0111enosti nacionalnih zakona i strategija s me\u0111unarodnim zakonima i drugim propisima, te sudjelovala u procesu screeninga za pripremu pregovora Hrvatske s EU.<\/p><p><strong>Administratorica projekta<\/strong> &#8211; Dina Ivas,dipl. povjesni\u010darka koja ve\u0107 7 godina radi u civilnom sektoru kao projektna asistentica i voditeljica projekta. Radila je u Udruzi gluhih i nagluhih Istarske \u017eupanije, sura\u0111uju\u0107i s mnogim udrugama koje se bore za uklju\u010divanje osoba s invaliditetom u dru\u0161tvo. Sudjelovala je u osnivanju udruge UZERO \u2013 za obrazovanje i zapo\u0161ljavanje osoba s invaliditetom Istarske \u017eupanije. \u010clanica je partnerskih udruga VISOKI JABLANI, INFORMO i ISTARSKO Ekomuzej iz Vodnjana, koje se bave edukacijama i stru\u010dnim usavr\u0161avanjem. Jedna je od osniva\u010da neprofitne udruge ALTERNATIVA, osnovane 2018. godine sa \u017eeljom promicanja kulture i umjetnosti, demokratskih vrijednosti i multikulturalne raznolikosti na lokalnoj, nacionalnoj i globalnoj razini.<\/p><p><strong>Koordinatorica Centra<\/strong> &#8211; Vanja Bali\u0107, Sveu\u010dili\u0161na prvostupnica ekonomije, smjer Poduzetni\u0161tvo u uslu\u017enim djelatnostima. Poha\u0111ala je edukacije za voditeljicu izrade i provedbe projekata financiranih iz EU fondova. Radila je kao stru\u010dni suradnik na EU projektima i kao vi\u0161i referent za ra\u010dunovodstvo u op\u0107ini Lovas. Bila je dugi niz godina i voditeljica filijale KIK TEXTILIEN.<\/p><p><strong>Administrativni asistent Centra i asistent u ECO LABU<\/strong> &#8211; Marko Marke\u0161i\u0107, Stru\u010dni prvostupnik ekonomije (bacc.oec.), na\u0161 mladi kolega kojem je ovo prvo zaposlenje. Do sada je radio na studentskim poslovima na kojima je imao prilike unaprijediti komunikacijske i organizacijske vje\u0161tine. Marko je ambiciozan, komunikativan, vedrog duha, motiviran za rad, u\u010denje i napredak u svojoj poslovnoj karijeri.<\/p><p><strong>Edukatorica za izradu zlatoveza i vezenja<\/strong> &#8211; Ivana Juri\u0107, po zanimanju ugostitelj. Tijekom \u017eivota ovladala je vje\u0161tinama izrade zlatoveza te ih kroz dugogodi\u0161nji rad usavr\u0161ila i danas izra\u0111uje zlatovez na slikama, bocama, ukrasnim i odjevnim predmetima. Na dosada\u0161njim radnim mjestima stekla je iskustvo komunikacije i rada s ljudima koje danas uspje\u0161no koristi u preno\u0161enju znanja na svojim edukacijama.<\/p><p><strong>Edukatorica za krojenje, \u0161ivanje i \u0161linganje<\/strong> &#8211; Josipa Bali\u0107, po zanimanju obu\u0107ar. Tijekom \u017eivota ovladala je vje\u0161tinama \u0161ivanja, kao i vje\u0161tinama starih zanata kao \u0161to su ru\u010dno i strojno vezenje i \u0161linganje. Ima iskustvo u organizaciji poslovanja i radu s ljudima.<\/p><p><strong>Asistentica na radionicama O\u017eivljavanja starih zanata &#8211; Lucija D\u017eigumovi\u0107, <\/strong>magistrica ekonomije, smjer Trgovina i logistika, a ima i diplomu sa smjera Menad\u017ementa. Radno iskustvo stekla je kao administrativni slu\u017ebenik u Zaostrovo &#8211; Korpa \u0160titar, te na radnim studentskim poslovima, rad u trgovinama: Bipa, Kaufland, InterSpar. Sudjelovala je i u programu Work and travel gdje je nekoliko mjeseci radila u Americi.<\/p><p><strong>Voditeljica\/edukatorica \u0160kole organizacije kulturnih doga\u0111anja<\/strong> &#8211; Martina Ivas \u017dupari\u0107, diplomirana povjesni\u010darka. Iskustvo u organizaciji raznih doga\u0111aja stekla je kroz volontiranje u udruzi VISOKI JABLANI, te kroz rad u Udruzi gluhih i nagluhih I\u017d. Dugi niz godina radila je i kao asistentica u \u0161koli za odgoj i obrazovanje. Aktivan je \u010dlan kulturne udruge Alternativa u kojoj sudjeluje u svim aktivnostima njenog rada: organizaciji kulturnih doga\u0111anja, radionica, manifestacija te promociji glazbenika putem glazbeno izdava\u010dke ku\u0107e No Profit Recordings.<\/p>\t\t\t\t\t\t<\/div>\n\t\t\t\t<\/div>\n\t\t\t\t\t<\/div>\n\t\t<\/div>\n\t\t\t\t\t\t\t<\/div>\n\t\t<\/section>\n\t\t\t\t<section class=\"elementor-section elementor-top-section elementor-element elementor-element-8a21291 elementor-hidden-tablet elementor-hidden-phone elementor-section-boxed elementor-section-height-default elementor-section-height-default\" data-id=\"8a21291\" data-element_type=\"section\">\n\t\t\t\t\t\t<div class=\"elementor-container elementor-column-gap-default\">\n\t\t\t\t\t<div class=\"elementor-column elementor-col-100 elementor-top-column elementor-element elementor-element-1d1bdbf\" data-id=\"1d1bdbf\" data-element_type=\"column\">\n\t\t\t<div class=\"elementor-widget-wrap\">\n\t\t\t\t\t\t\t\t\t<\/div>\n\t\t<\/div>\n\t\t\t\t\t\t\t<\/div>\n\t\t<\/section>\n\t\t\t\t<section class=\"elementor-section elementor-top-section elementor-element elementor-element-7cb468f elementor-section-boxed elementor-section-height-default elementor-section-height-default\" data-id=\"7cb468f\" data-element_type=\"section\">\n\t\t\t\t\t\t<div class=\"elementor-container elementor-column-gap-default\">\n\t\t\t\t\t<div class=\"elementor-column elementor-col-100 elementor-top-column elementor-element elementor-element-17cce90\" data-id=\"17cce90\" data-element_type=\"column\">\n\t\t\t<div class=\"elementor-widget-wrap\">\n\t\t\t\t\t\t\t\t\t<\/div>\n\t\t<\/div>\n\t\t\t\t\t\t\t<\/div>\n\t\t<\/section>\n\t\t\t\t\t\t<\/div>\n\t\t\t\t\t<\/div>\n\t\t","protected":false},"excerpt":{"rendered":"<p>Koordinacijski tim Centar za odr\u017eivi razvoj lokalne zajednice op\u0107ine Lovas Voditeljica projekta &#8211; Mihaela Jovi\u0107 Kare\u0161in, predsjednica Udruge VISOKI JABLANI, dipl. novinarka s 20 godina iskustva rada u sektoru civilnog &hellip;<\/p>\n<p class=\"read-more\"> <a class=\"\" href=\"https:\/\/www.cor-biskupija.org\/home\/nas-tim\/\"> <span class=\"screen-reader-text\">Na\u0161 tim<\/span> Read More &raquo;<\/a><\/p>\n","protected":false},"author":3,"featured_media":3049,"parent":0,"menu_order":0,"comment_status":"closed","ping_status":"closed","template":"","meta":{"site-sidebar-layout":"no-sidebar","site-content-layout":"page-builder","ast-global-header-display":"","ast-main-header-display":"","ast-hfb-above-header-display":"","ast-hfb-below-header-display":"","ast-hfb-mobile-header-display":"","site-post-title":"disabled","ast-breadcrumbs-content":"disabled","ast-featured-img":"disabled","footer-sml-layout":"","theme-transparent-header-meta":"enabled","adv-header-id-meta":"","stick-header-meta":"","header-above-stick-meta":"","header-main-stick-meta":"","header-below-stick-meta":""},"_links":{"self":[{"href":"https:\/\/www.cor-biskupija.org\/home\/wp-json\/wp\/v2\/pages\/3030"}],"collection":[{"href":"https:\/\/www.cor-biskupija.org\/home\/wp-json\/wp\/v2\/pages"}],"about":[{"href":"https:\/\/www.cor-biskupija.org\/home\/wp-json\/wp\/v2\/types\/page"}],"author":[{"embeddable":true,"href":"https:\/\/www.cor-biskupija.org\/home\/wp-json\/wp\/v2\/users\/3"}],"replies":[{"embeddable":true,"href":"https:\/\/www.cor-biskupija.org\/home\/wp-json\/wp\/v2\/comments?post=3030"}],"version-history":[{"count":65,"href":"https:\/\/www.cor-biskupija.org\/home\/wp-json\/wp\/v2\/pages\/3030\/revisions"}],"predecessor-version":[{"id":3511,"href":"https:\/\/www.cor-biskupija.org\/home\/wp-json\/wp\/v2\/pages\/3030\/revisions\/3511"}],"wp:featuredmedia":[{"embeddable":true,"href":"https:\/\/www.cor-biskupija.org\/home\/wp-json\/wp\/v2\/media\/3049"}],"wp:attachment":[{"href":"https:\/\/www.cor-biskupija.org\/home\/wp-json\/wp\/v2\/media?parent=3030"}],"curies":[{"name":"wp","href":"https:\/\/api.w.org\/{rel}","templated":true}]}}