{"id":850,"date":"2020-02-01T18:59:40","date_gmt":"2020-02-01T17:59:40","guid":{"rendered":"http:\/\/www.cor-biskupija.org\/about-us\/"},"modified":"2023-05-29T14:16:37","modified_gmt":"2023-05-29T13:16:37","slug":"o-projektu","status":"publish","type":"page","link":"https:\/\/www.cor-biskupija.org\/home\/o-projektu\/","title":{"rendered":"O projektu"},"content":{"rendered":"\t\t<div data-elementor-type=\"wp-page\" data-elementor-id=\"850\" class=\"elementor elementor-850\" data-elementor-settings=\"[]\">\n\t\t\t\t\t\t\t<div class=\"elementor-section-wrap\">\n\t\t\t\t\t\t\t<section class=\"elementor-section elementor-top-section elementor-element elementor-element-6ff2ff7 elementor-section-boxed elementor-section-height-default elementor-section-height-default\" data-id=\"6ff2ff7\" data-element_type=\"section\" data-settings=\"{&quot;background_background&quot;:&quot;classic&quot;}\">\n\t\t\t\t\t\t\t<div class=\"elementor-background-overlay\"><\/div>\n\t\t\t\t\t\t\t<div class=\"elementor-container elementor-column-gap-no\">\n\t\t\t\t\t<div class=\"elementor-column elementor-col-100 elementor-top-column elementor-element elementor-element-d4acc06\" data-id=\"d4acc06\" data-element_type=\"column\">\n\t\t\t<div class=\"elementor-widget-wrap elementor-element-populated\">\n\t\t\t\t\t\t\t\t<div class=\"elementor-element elementor-element-bee4950 elementor-widget elementor-widget-heading\" data-id=\"bee4950\" data-element_type=\"widget\" data-widget_type=\"heading.default\">\n\t\t\t\t<div class=\"elementor-widget-container\">\n\t\t\t<h1 class=\"elementor-heading-title elementor-size-default\">O projektu<\/h1>\t\t<\/div>\n\t\t\t\t<\/div>\n\t\t\t\t\t<\/div>\n\t\t<\/div>\n\t\t\t\t\t\t\t<\/div>\n\t\t<\/section>\n\t\t\t\t<section class=\"elementor-section elementor-top-section elementor-element elementor-element-2767b2d elementor-section-boxed elementor-section-height-default elementor-section-height-default\" data-id=\"2767b2d\" data-element_type=\"section\">\n\t\t\t\t\t\t<div class=\"elementor-container elementor-column-gap-default\">\n\t\t\t\t\t<div class=\"elementor-column elementor-col-100 elementor-top-column elementor-element elementor-element-97a156e\" data-id=\"97a156e\" data-element_type=\"column\">\n\t\t\t<div class=\"elementor-widget-wrap elementor-element-populated\">\n\t\t\t\t\t\t\t\t<div class=\"elementor-element elementor-element-b267a80 elementor-widget elementor-widget-text-editor\" data-id=\"b267a80\" data-element_type=\"widget\" data-widget_type=\"text-editor.default\">\n\t\t\t\t<div class=\"elementor-widget-container\">\n\t\t\t\t\t\t\t<h5><em>Centar za odr\u017eivi razvoj lokalne zajednice op\u0107ine Lovas<\/em> uspostavljen je s ciljem demografske i gospodarske revitalizacije op\u0107ine, kao glavni instrument za ekonomski, dru\u0161tveni i kulturni razvoj.<\/h5>\t\t\t\t\t\t<\/div>\n\t\t\t\t<\/div>\n\t\t\t\t\t<\/div>\n\t\t<\/div>\n\t\t\t\t\t\t\t<\/div>\n\t\t<\/section>\n\t\t\t\t<section class=\"elementor-section elementor-top-section elementor-element elementor-element-68b2ec4 elementor-section-boxed elementor-section-height-default elementor-section-height-default\" data-id=\"68b2ec4\" data-element_type=\"section\">\n\t\t\t\t\t\t<div class=\"elementor-container elementor-column-gap-default\">\n\t\t\t\t\t<div class=\"elementor-column elementor-col-100 elementor-top-column elementor-element elementor-element-90d51a6\" data-id=\"90d51a6\" data-element_type=\"column\">\n\t\t\t<div class=\"elementor-widget-wrap elementor-element-populated\">\n\t\t\t\t\t\t\t\t<div class=\"elementor-element elementor-element-ae3d7fb elementor-widget-divider--view-line elementor-widget elementor-widget-divider\" data-id=\"ae3d7fb\" data-element_type=\"widget\" data-widget_type=\"divider.default\">\n\t\t\t\t<div class=\"elementor-widget-container\">\n\t\t\t\t\t<div class=\"elementor-divider\">\n\t\t\t<span class=\"elementor-divider-separator\">\n\t\t\t\t\t\t<\/span>\n\t\t<\/div>\n\t\t\t\t<\/div>\n\t\t\t\t<\/div>\n\t\t\t\t\t<\/div>\n\t\t<\/div>\n\t\t\t\t\t\t\t<\/div>\n\t\t<\/section>\n\t\t\t\t<section class=\"elementor-section elementor-top-section elementor-element elementor-element-24e866d elementor-section-boxed elementor-section-height-default elementor-section-height-default\" data-id=\"24e866d\" data-element_type=\"section\">\n\t\t\t\t\t\t<div class=\"elementor-container elementor-column-gap-default\">\n\t\t\t\t\t<div class=\"elementor-column elementor-col-50 elementor-top-column elementor-element elementor-element-e465da0\" data-id=\"e465da0\" data-element_type=\"column\">\n\t\t\t<div class=\"elementor-widget-wrap elementor-element-populated\">\n\t\t\t\t\t\t\t\t<div class=\"elementor-element elementor-element-a2b3d1d elementor-aspect-ratio-169 elementor-widget elementor-widget-video\" data-id=\"a2b3d1d\" data-element_type=\"widget\" data-settings=\"{&quot;youtube_url&quot;:&quot;https:\\\/\\\/www.youtube.com\\\/watch?v=HuffOAvJUiU&quot;,&quot;video_type&quot;:&quot;youtube&quot;,&quot;controls&quot;:&quot;yes&quot;,&quot;aspect_ratio&quot;:&quot;169&quot;}\" data-widget_type=\"video.default\">\n\t\t\t\t<div class=\"elementor-widget-container\">\n\t\t\t\t\t<div class=\"elementor-wrapper elementor-fit-aspect-ratio elementor-open-inline\">\n\t\t\t<div class=\"elementor-video\"><\/div>\t\t<\/div>\n\t\t\t\t<\/div>\n\t\t\t\t<\/div>\n\t\t\t\t\t<\/div>\n\t\t<\/div>\n\t\t\t\t<div class=\"elementor-column elementor-col-50 elementor-top-column elementor-element elementor-element-0e4a8a9\" data-id=\"0e4a8a9\" data-element_type=\"column\">\n\t\t\t<div class=\"elementor-widget-wrap elementor-element-populated\">\n\t\t\t\t\t\t\t\t<div class=\"elementor-element elementor-element-a381f09 elementor-aspect-ratio-169 elementor-widget elementor-widget-video\" data-id=\"a381f09\" data-element_type=\"widget\" data-settings=\"{&quot;youtube_url&quot;:&quot;https:\\\/\\\/www.youtube.com\\\/watch?v=mwPOEb3NesA&quot;,&quot;video_type&quot;:&quot;youtube&quot;,&quot;controls&quot;:&quot;yes&quot;,&quot;aspect_ratio&quot;:&quot;169&quot;}\" data-widget_type=\"video.default\">\n\t\t\t\t<div class=\"elementor-widget-container\">\n\t\t\t\t\t<div class=\"elementor-wrapper elementor-fit-aspect-ratio elementor-open-inline\">\n\t\t\t<div class=\"elementor-video\"><\/div>\t\t<\/div>\n\t\t\t\t<\/div>\n\t\t\t\t<\/div>\n\t\t\t\t\t<\/div>\n\t\t<\/div>\n\t\t\t\t\t\t\t<\/div>\n\t\t<\/section>\n\t\t\t\t<section class=\"elementor-section elementor-top-section elementor-element elementor-element-001f98b elementor-section-boxed elementor-section-height-default elementor-section-height-default\" data-id=\"001f98b\" data-element_type=\"section\">\n\t\t\t\t\t\t<div class=\"elementor-container elementor-column-gap-no\">\n\t\t\t\t\t<div class=\"elementor-column elementor-col-66 elementor-top-column elementor-element elementor-element-8f067b1\" data-id=\"8f067b1\" data-element_type=\"column\">\n\t\t\t<div class=\"elementor-widget-wrap elementor-element-populated\">\n\t\t\t\t\t\t\t\t<div class=\"elementor-element elementor-element-44bffb3 elementor-widget elementor-widget-text-editor\" data-id=\"44bffb3\" data-element_type=\"widget\" data-widget_type=\"text-editor.default\">\n\t\t\t\t<div class=\"elementor-widget-container\">\n\t\t\t\t\t\t\t<p>Centar djeluje kao akcelerator lokalnog i regionalnog dru\u0161tvenog, gospodarskog i kulturnog razvoja, kao i profesionalnog i osobnog razvoja stanovni\u0161tva. Predstavlja prostor sudjelovanja za unaprje\u0111enje kulturnih, solidarnih, intelektualnih, gra\u0111anskih i dru\u0161tvenih potencijala stanovnika u svrhu ja\u010danja zajednice. Centar nudi razli\u010dite edukativne programe za unaprje\u0111enje kvalitete lokalnog \u017eivota; od programa informati\u010dke pismenosti, gra\u0111anskih kompetencija, aktivizma i dru\u0161tvene odgovornosti, preko programa revitalizacije kulturne ba\u0161tine, o\u017eivljavanja starih zanata i odr\u017eivog gospodarenja lokalnim&nbsp; resursima, do organiziranja slobodnog vremena i dru\u0161tvenih aktivnosti za male i velike. Veliki dio edukativnog sadr\u017eaja usmjeren je na djecu i mlade s ciljem direktnog &#8220;ulaganja u budu\u0107nost&#8221;.<\/p>\t\t\t\t\t\t<\/div>\n\t\t\t\t<\/div>\n\t\t\t\t\t<\/div>\n\t\t<\/div>\n\t\t\t\t<div class=\"elementor-column elementor-col-33 elementor-top-column elementor-element elementor-element-675e7d4\" data-id=\"675e7d4\" data-element_type=\"column\">\n\t\t\t<div class=\"elementor-widget-wrap elementor-element-populated\">\n\t\t\t\t\t\t\t\t<div class=\"elementor-element elementor-element-15ecb8b elementor-widget elementor-widget-image\" data-id=\"15ecb8b\" data-element_type=\"widget\" data-widget_type=\"image.default\">\n\t\t\t\t<div class=\"elementor-widget-container\">\n\t\t\t\t\t\t\t\t\t\t\t\t\t\t\t<img decoding=\"async\" width=\"1024\" height=\"768\" src=\"https:\/\/www.cor-biskupija.org\/wp-content\/uploads\/2023\/05\/343063655_1846456852400441_1180425324777968415_n-1-1024x768.jpg\" class=\"attachment-large size-large\" alt=\"\" loading=\"lazy\" srcset=\"https:\/\/www.cor-biskupija.org\/wp-content\/uploads\/2023\/05\/343063655_1846456852400441_1180425324777968415_n-1-1024x768.jpg 1024w, https:\/\/www.cor-biskupija.org\/wp-content\/uploads\/2023\/05\/343063655_1846456852400441_1180425324777968415_n-1-300x225.jpg 300w, https:\/\/www.cor-biskupija.org\/wp-content\/uploads\/2023\/05\/343063655_1846456852400441_1180425324777968415_n-1-768x576.jpg 768w, https:\/\/www.cor-biskupija.org\/wp-content\/uploads\/2023\/05\/343063655_1846456852400441_1180425324777968415_n-1-1536x1152.jpg 1536w, https:\/\/www.cor-biskupija.org\/wp-content\/uploads\/2023\/05\/343063655_1846456852400441_1180425324777968415_n-1-600x450.jpg 600w, https:\/\/www.cor-biskupija.org\/wp-content\/uploads\/2023\/05\/343063655_1846456852400441_1180425324777968415_n-1.jpg 2048w\" sizes=\"(max-width: 1024px) 100vw, 1024px\" \/>\t\t\t\t\t\t\t\t\t\t\t\t\t\t\t<\/div>\n\t\t\t\t<\/div>\n\t\t\t\t\t<\/div>\n\t\t<\/div>\n\t\t\t\t\t\t\t<\/div>\n\t\t<\/section>\n\t\t\t\t<section class=\"elementor-section elementor-top-section elementor-element elementor-element-a68b069 elementor-section-boxed elementor-section-height-default elementor-section-height-default\" data-id=\"a68b069\" data-element_type=\"section\">\n\t\t\t\t\t\t<div class=\"elementor-container elementor-column-gap-default\">\n\t\t\t\t\t<div class=\"elementor-column elementor-col-100 elementor-top-column elementor-element elementor-element-76921ff\" data-id=\"76921ff\" data-element_type=\"column\">\n\t\t\t<div class=\"elementor-widget-wrap elementor-element-populated\">\n\t\t\t\t\t\t\t\t<div class=\"elementor-element elementor-element-048516f elementor-widget-divider--view-line elementor-widget elementor-widget-divider\" data-id=\"048516f\" data-element_type=\"widget\" data-widget_type=\"divider.default\">\n\t\t\t\t<div class=\"elementor-widget-container\">\n\t\t\t\t\t<div class=\"elementor-divider\">\n\t\t\t<span class=\"elementor-divider-separator\">\n\t\t\t\t\t\t<\/span>\n\t\t<\/div>\n\t\t\t\t<\/div>\n\t\t\t\t<\/div>\n\t\t\t\t\t<\/div>\n\t\t<\/div>\n\t\t\t\t\t\t\t<\/div>\n\t\t<\/section>\n\t\t\t\t<section class=\"elementor-section elementor-top-section elementor-element elementor-element-6e637b7 elementor-section-boxed elementor-section-height-default elementor-section-height-default\" data-id=\"6e637b7\" data-element_type=\"section\">\n\t\t\t\t\t\t<div class=\"elementor-container elementor-column-gap-no\">\n\t\t\t\t\t<div class=\"elementor-column elementor-col-33 elementor-top-column elementor-element elementor-element-9d853e4\" data-id=\"9d853e4\" data-element_type=\"column\">\n\t\t\t<div class=\"elementor-widget-wrap elementor-element-populated\">\n\t\t\t\t\t\t\t\t<div class=\"elementor-element elementor-element-5b977f5 elementor-widget elementor-widget-image\" data-id=\"5b977f5\" data-element_type=\"widget\" data-widget_type=\"image.default\">\n\t\t\t\t<div class=\"elementor-widget-container\">\n\t\t\t\t\t\t\t\t\t\t\t\t\t\t\t<img decoding=\"async\" width=\"1024\" height=\"768\" src=\"https:\/\/www.cor-biskupija.org\/wp-content\/uploads\/2023\/05\/339614694_805594257881933_1138889607243801882_n-1024x768.jpg\" class=\"attachment-large size-large\" alt=\"\" loading=\"lazy\" srcset=\"https:\/\/www.cor-biskupija.org\/wp-content\/uploads\/2023\/05\/339614694_805594257881933_1138889607243801882_n-1024x768.jpg 1024w, https:\/\/www.cor-biskupija.org\/wp-content\/uploads\/2023\/05\/339614694_805594257881933_1138889607243801882_n-300x225.jpg 300w, https:\/\/www.cor-biskupija.org\/wp-content\/uploads\/2023\/05\/339614694_805594257881933_1138889607243801882_n-768x576.jpg 768w, https:\/\/www.cor-biskupija.org\/wp-content\/uploads\/2023\/05\/339614694_805594257881933_1138889607243801882_n-1536x1152.jpg 1536w, https:\/\/www.cor-biskupija.org\/wp-content\/uploads\/2023\/05\/339614694_805594257881933_1138889607243801882_n-600x450.jpg 600w, https:\/\/www.cor-biskupija.org\/wp-content\/uploads\/2023\/05\/339614694_805594257881933_1138889607243801882_n.jpg 1600w\" sizes=\"(max-width: 1024px) 100vw, 1024px\" \/>\t\t\t\t\t\t\t\t\t\t\t\t\t\t\t<\/div>\n\t\t\t\t<\/div>\n\t\t\t\t\t<\/div>\n\t\t<\/div>\n\t\t\t\t<div class=\"elementor-column elementor-col-66 elementor-top-column elementor-element elementor-element-2597f7c\" data-id=\"2597f7c\" data-element_type=\"column\">\n\t\t\t<div class=\"elementor-widget-wrap elementor-element-populated\">\n\t\t\t\t\t\t\t\t<div class=\"elementor-element elementor-element-6012b6d elementor-widget elementor-widget-text-editor\" data-id=\"6012b6d\" data-element_type=\"widget\" data-widget_type=\"text-editor.default\">\n\t\t\t\t<div class=\"elementor-widget-container\">\n\t\t\t\t\t\t\t<p>Cilj nam je oja\u010dati kapacitete stanovni\u0161tva za pokretanje gospodarskih djelatnosti i sudjelovanje u razvoju i provedbi lokalnih razvojnih politika. Cilj je i podi\u0107i svijest gra\u0111ana o odr\u017eivom razvoju, kao bitnom elementu razvoja zajednice, te o potrebi kriti\u010dkog razmi\u0161ljanja i proaktivnog djelovanja u domeni dru\u0161tvenog razvoja. Projekt poti\u010de razvoj sudioni\u010dke demokracije, dru\u0161tvene i politi\u010dke participacije na lokalnoj razini, uklju\u010duje zna\u010dajan broj volontera te ja\u010da vidljivost civilnog dru\u0161tva u dru\u0161tveno-ekonomskom razvoju, borbi protiv socijalne isklju\u010denosti te odgovaranju na mnogobrojne potrebe lokalnog stanovni\u0161tva.<\/p>\t\t\t\t\t\t<\/div>\n\t\t\t\t<\/div>\n\t\t\t\t\t<\/div>\n\t\t<\/div>\n\t\t\t\t\t\t\t<\/div>\n\t\t<\/section>\n\t\t\t\t<section class=\"elementor-section elementor-top-section elementor-element elementor-element-1e82eec elementor-section-boxed elementor-section-height-default elementor-section-height-default\" data-id=\"1e82eec\" data-element_type=\"section\">\n\t\t\t\t\t\t<div class=\"elementor-container elementor-column-gap-default\">\n\t\t\t\t\t<div class=\"elementor-column elementor-col-100 elementor-top-column elementor-element elementor-element-2e30298\" data-id=\"2e30298\" data-element_type=\"column\">\n\t\t\t<div class=\"elementor-widget-wrap elementor-element-populated\">\n\t\t\t\t\t\t\t\t<div class=\"elementor-element elementor-element-be345d2 elementor-widget-divider--view-line elementor-widget elementor-widget-divider\" data-id=\"be345d2\" data-element_type=\"widget\" data-widget_type=\"divider.default\">\n\t\t\t\t<div class=\"elementor-widget-container\">\n\t\t\t\t\t<div class=\"elementor-divider\">\n\t\t\t<span class=\"elementor-divider-separator\">\n\t\t\t\t\t\t<\/span>\n\t\t<\/div>\n\t\t\t\t<\/div>\n\t\t\t\t<\/div>\n\t\t\t\t\t<\/div>\n\t\t<\/div>\n\t\t\t\t\t\t\t<\/div>\n\t\t<\/section>\n\t\t\t\t<section class=\"elementor-section elementor-top-section elementor-element elementor-element-678673e elementor-section-boxed elementor-section-height-default elementor-section-height-default\" data-id=\"678673e\" data-element_type=\"section\">\n\t\t\t\t\t\t<div class=\"elementor-container elementor-column-gap-no\">\n\t\t\t\t\t<div class=\"elementor-column elementor-col-66 elementor-top-column elementor-element elementor-element-2877c8c\" data-id=\"2877c8c\" data-element_type=\"column\">\n\t\t\t<div class=\"elementor-widget-wrap elementor-element-populated\">\n\t\t\t\t\t\t\t\t<div class=\"elementor-element elementor-element-a51a70f elementor-widget elementor-widget-text-editor\" data-id=\"a51a70f\" data-element_type=\"widget\" data-widget_type=\"text-editor.default\">\n\t\t\t\t<div class=\"elementor-widget-container\">\n\t\t\t\t\t\t\t<p>Op\u0107ina Lovas ustupa prostore u 3 op\u0107inska objekta na kori\u0161tenje i upravljanje partnerskim OCD-ima za javnu namjenu: Centar kompetencija, prostor u Vatrogasnom domu te u Domu kulture. Ovaj model upravljanja kroz javno-civilno partnerstvo pove\u0107at \u0107e odgovornost javne uprave za sustavno i u\u010dinkovito upravljanje javnim resursima. Projekt predstavlja po\u010detak dugoro\u010dnog procesa usmjeravanja op\u0107ine Lovas u pravcu odr\u017eivosti i ujedno otvara nove mogu\u0107nosti financiranja razvojnih projekata te pove\u0107anje stope sufinanciranja od strane Europske unije, kako na lokalnoj tako i na dr\u017eavnoj razini.<\/p>\t\t\t\t\t\t<\/div>\n\t\t\t\t<\/div>\n\t\t\t\t\t<\/div>\n\t\t<\/div>\n\t\t\t\t<div class=\"elementor-column elementor-col-33 elementor-top-column elementor-element elementor-element-430ee02\" data-id=\"430ee02\" data-element_type=\"column\">\n\t\t\t<div class=\"elementor-widget-wrap elementor-element-populated\">\n\t\t\t\t\t\t\t\t<div class=\"elementor-element elementor-element-adb9229 elementor-widget elementor-widget-image\" data-id=\"adb9229\" data-element_type=\"widget\" data-widget_type=\"image.default\">\n\t\t\t\t<div class=\"elementor-widget-container\">\n\t\t\t\t\t\t\t\t\t\t\t\t\t\t\t<img decoding=\"async\" width=\"1024\" height=\"683\" src=\"https:\/\/www.cor-biskupija.org\/wp-content\/uploads\/2023\/05\/ZFR31595-1024x683.jpg\" class=\"attachment-large size-large\" alt=\"\" loading=\"lazy\" srcset=\"https:\/\/www.cor-biskupija.org\/wp-content\/uploads\/2023\/05\/ZFR31595-1024x683.jpg 1024w, https:\/\/www.cor-biskupija.org\/wp-content\/uploads\/2023\/05\/ZFR31595-300x200.jpg 300w, https:\/\/www.cor-biskupija.org\/wp-content\/uploads\/2023\/05\/ZFR31595-768x512.jpg 768w, https:\/\/www.cor-biskupija.org\/wp-content\/uploads\/2023\/05\/ZFR31595-1536x1024.jpg 1536w, https:\/\/www.cor-biskupija.org\/wp-content\/uploads\/2023\/05\/ZFR31595-2048x1365.jpg 2048w, https:\/\/www.cor-biskupija.org\/wp-content\/uploads\/2023\/05\/ZFR31595-600x400.jpg 600w\" sizes=\"(max-width: 1024px) 100vw, 1024px\" \/>\t\t\t\t\t\t\t\t\t\t\t\t\t\t\t<\/div>\n\t\t\t\t<\/div>\n\t\t\t\t\t<\/div>\n\t\t<\/div>\n\t\t\t\t\t\t\t<\/div>\n\t\t<\/section>\n\t\t\t\t<section class=\"elementor-section elementor-top-section elementor-element elementor-element-069bf44 elementor-section-boxed elementor-section-height-default elementor-section-height-default\" data-id=\"069bf44\" data-element_type=\"section\">\n\t\t\t\t\t\t<div class=\"elementor-container elementor-column-gap-default\">\n\t\t\t\t\t<div class=\"elementor-column elementor-col-100 elementor-top-column elementor-element elementor-element-6eb7ec2\" data-id=\"6eb7ec2\" data-element_type=\"column\">\n\t\t\t<div class=\"elementor-widget-wrap elementor-element-populated\">\n\t\t\t\t\t\t\t\t<div class=\"elementor-element elementor-element-c255310 elementor-widget-divider--view-line elementor-widget elementor-widget-divider\" data-id=\"c255310\" data-element_type=\"widget\" data-widget_type=\"divider.default\">\n\t\t\t\t<div class=\"elementor-widget-container\">\n\t\t\t\t\t<div class=\"elementor-divider\">\n\t\t\t<span class=\"elementor-divider-separator\">\n\t\t\t\t\t\t<\/span>\n\t\t<\/div>\n\t\t\t\t<\/div>\n\t\t\t\t<\/div>\n\t\t\t\t\t<\/div>\n\t\t<\/div>\n\t\t\t\t\t\t\t<\/div>\n\t\t<\/section>\n\t\t\t\t\t\t<\/div>\n\t\t\t\t\t<\/div>\n\t\t","protected":false},"excerpt":{"rendered":"<p>O projektu Centar za odr\u017eivi razvoj lokalne zajednice op\u0107ine Lovas uspostavljen je s ciljem demografske i gospodarske revitalizacije op\u0107ine, kao glavni instrument za ekonomski, dru\u0161tveni i kulturni razvoj. https:\/\/www.youtube.com\/watch?v=HuffOAvJUiUhttps:\/\/www.youtube.com\/watch?v=mwPOEb3NesA Centar &hellip;<\/p>\n<p class=\"read-more\"> <a class=\"\" href=\"https:\/\/www.cor-biskupija.org\/home\/o-projektu\/\"> <span class=\"screen-reader-text\">O projektu<\/span> Read More &raquo;<\/a><\/p>\n","protected":false},"author":3,"featured_media":0,"parent":0,"menu_order":0,"comment_status":"closed","ping_status":"closed","template":"","meta":{"site-sidebar-layout":"no-sidebar","site-content-layout":"page-builder","ast-global-header-display":"","ast-main-header-display":"","ast-hfb-above-header-display":"","ast-hfb-below-header-display":"","ast-hfb-mobile-header-display":"","site-post-title":"disabled","ast-breadcrumbs-content":"disabled","ast-featured-img":"disabled","footer-sml-layout":"","theme-transparent-header-meta":"enabled","adv-header-id-meta":"","stick-header-meta":"","header-above-stick-meta":"","header-main-stick-meta":"","header-below-stick-meta":""},"_links":{"self":[{"href":"https:\/\/www.cor-biskupija.org\/home\/wp-json\/wp\/v2\/pages\/850"}],"collection":[{"href":"https:\/\/www.cor-biskupija.org\/home\/wp-json\/wp\/v2\/pages"}],"about":[{"href":"https:\/\/www.cor-biskupija.org\/home\/wp-json\/wp\/v2\/types\/page"}],"author":[{"embeddable":true,"href":"https:\/\/www.cor-biskupija.org\/home\/wp-json\/wp\/v2\/users\/3"}],"replies":[{"embeddable":true,"href":"https:\/\/www.cor-biskupija.org\/home\/wp-json\/wp\/v2\/comments?post=850"}],"version-history":[{"count":118,"href":"https:\/\/www.cor-biskupija.org\/home\/wp-json\/wp\/v2\/pages\/850\/revisions"}],"predecessor-version":[{"id":5606,"href":"https:\/\/www.cor-biskupija.org\/home\/wp-json\/wp\/v2\/pages\/850\/revisions\/5606"}],"wp:attachment":[{"href":"https:\/\/www.cor-biskupija.org\/home\/wp-json\/wp\/v2\/media?parent=850"}],"curies":[{"name":"wp","href":"https:\/\/api.w.org\/{rel}","templated":true}]}}