{"id":923,"date":"2021-04-26T09:29:15","date_gmt":"2021-04-26T08:29:15","guid":{"rendered":"http:\/\/www.cor-biskupija.org\/?page_id=923"},"modified":"2022-01-26T22:56:51","modified_gmt":"2022-01-26T21:56:51","slug":"donatori","status":"publish","type":"page","link":"https:\/\/www.cor-biskupija.org\/home\/donatori\/","title":{"rendered":"Donatori"},"content":{"rendered":"\t\t<div data-elementor-type=\"wp-page\" data-elementor-id=\"923\" class=\"elementor elementor-923\" data-elementor-settings=\"[]\">\n\t\t\t\t\t\t\t<div class=\"elementor-section-wrap\">\n\t\t\t\t\t\t\t<section class=\"elementor-section elementor-top-section elementor-element elementor-element-335cc83 elementor-section-height-min-height elementor-section-boxed elementor-section-height-default elementor-section-items-middle\" data-id=\"335cc83\" data-element_type=\"section\" data-settings=\"{&quot;background_background&quot;:&quot;classic&quot;}\">\n\t\t\t\t\t\t\t<div class=\"elementor-background-overlay\"><\/div>\n\t\t\t\t\t\t\t<div class=\"elementor-container elementor-column-gap-no\">\n\t\t\t\t\t<div class=\"elementor-column elementor-col-100 elementor-top-column elementor-element elementor-element-7cbaa2d\" data-id=\"7cbaa2d\" data-element_type=\"column\">\n\t\t\t<div class=\"elementor-widget-wrap elementor-element-populated\">\n\t\t\t\t\t\t\t\t<div class=\"elementor-element elementor-element-2acb1c2 elementor-widget elementor-widget-heading\" data-id=\"2acb1c2\" data-element_type=\"widget\" data-widget_type=\"heading.default\">\n\t\t\t\t<div class=\"elementor-widget-container\">\n\t\t\t<h1 class=\"elementor-heading-title elementor-size-default\">Donatori<\/h1>\t\t<\/div>\n\t\t\t\t<\/div>\n\t\t\t\t\t<\/div>\n\t\t<\/div>\n\t\t\t\t\t\t\t<\/div>\n\t\t<\/section>\n\t\t\t\t<section class=\"elementor-section elementor-top-section elementor-element elementor-element-5ab9f09 elementor-section-boxed elementor-section-height-default elementor-section-height-default\" data-id=\"5ab9f09\" data-element_type=\"section\">\n\t\t\t\t\t\t<div class=\"elementor-container elementor-column-gap-default\">\n\t\t\t\t\t<div class=\"elementor-column elementor-col-100 elementor-top-column elementor-element elementor-element-d419586\" data-id=\"d419586\" data-element_type=\"column\">\n\t\t\t<div class=\"elementor-widget-wrap elementor-element-populated\">\n\t\t\t\t\t\t\t\t<div class=\"elementor-element elementor-element-85a3a4e elementor-widget elementor-widget-text-editor\" data-id=\"85a3a4e\" data-element_type=\"widget\" data-widget_type=\"text-editor.default\">\n\t\t\t\t<div class=\"elementor-widget-container\">\n\t\t\t\t\t\t\t<p>Projekt je sufinancirala Europska unija iz Europskog socijalnog fonda putem Operativnog programa \u201eU\u010dinkoviti ljudski potencijali\u201c 2014. \u2013 2020., u okviru instrumenta \u201eProstori sudjelovanja \u2013 razvoj programa revitalizacije prostora u javnom vlasni\u0161tvu kroz partnerstvo OCD-a i lokalne zajednice\u201c. Projekt sufinancira i Ured Vlade Republike Hrvatske za udruge.<\/p><p>Vrijednost projekta je 1.965.607,80 kuna, od \u010dega je Europska unija sufinancirala 85% ukupnih prihvatljivih tro\u0161kova, u iznosu od 1.670.766,63 kuna, dok je udio nacionalnog sufinanciranja od 15%, u iznosu od 294.841,17 kuna, osiguran iz Dr\u017eavnog prora\u010duna Republike Hrvatske.<\/p><p>Provedba projekta je zapo\u010dela 5.11.2020. i traje do 4.5.2023. godine.<\/p><p>Vi\u0161e informacija o EU fondovima potra\u017eite na mre\u017enim stranicama <strong><a href=\"https:\/\/www.esf.hr\">www.esf.hr<\/a><\/strong> i<strong>\u00a0<a href=\"https:\/\/www.strukturnifondovi.hr\">www.strukturnifondovi.hr<\/a>.<\/strong><\/p><p><img decoding=\"async\" loading=\"lazy\" class=\"aligncenter wp-image-2577 size-full\" src=\"https:\/\/www.cor-biskupija.org\/wp-content\/uploads\/2021\/11\/Lenta_element2_A4_crop.png\" alt=\"\" width=\"3507\" height=\"937\" srcset=\"https:\/\/www.cor-biskupija.org\/wp-content\/uploads\/2021\/11\/Lenta_element2_A4_crop.png 3507w, https:\/\/www.cor-biskupija.org\/wp-content\/uploads\/2021\/11\/Lenta_element2_A4_crop-600x160.png 600w, https:\/\/www.cor-biskupija.org\/wp-content\/uploads\/2021\/11\/Lenta_element2_A4_crop-300x80.png 300w, https:\/\/www.cor-biskupija.org\/wp-content\/uploads\/2021\/11\/Lenta_element2_A4_crop-1024x274.png 1024w, https:\/\/www.cor-biskupija.org\/wp-content\/uploads\/2021\/11\/Lenta_element2_A4_crop-768x205.png 768w, https:\/\/www.cor-biskupija.org\/wp-content\/uploads\/2021\/11\/Lenta_element2_A4_crop-1536x410.png 1536w, https:\/\/www.cor-biskupija.org\/wp-content\/uploads\/2021\/11\/Lenta_element2_A4_crop-2048x547.png 2048w\" sizes=\"(max-width: 3507px) 100vw, 3507px\" \/><\/p><p>Temeljem Ugovora o kori\u0161tenju javnog prostora, Op\u0107ina Lovas ustupa prostore u 3 objekta u 100% vlasni\u0161tvu Op\u0107ine na kori\u0161tenje i upravljanje partnerskim OCD-ima za javnu namjenu: Centar kompetencija, prostor u Vatrogasnom domu te u Domu kulture. Ovaj model upravljanja kroz javno-civilno partnerstvo pove\u0107at \u0107e odgovornost javne uprave za sustavno i u\u010dinkovito upravljanje javnim resursima sukladno Strategiji upravljanja imovinom Republike Hrvatske (2013-2017).<\/p><p>Op\u0107ina Lovas ustupa partnerima javni prostor na kori\u0161tenje uz dugoro\u010dan ugovorni odnos u smislu Zakona o javno-privatnom partnerstvu, bez naknade i uz obvezu pokrivanja materijalnih tro\u0161kova.<\/p><p><img decoding=\"async\" loading=\"lazy\" class=\"aligncenter wp-image-2581 size-full\" src=\"https:\/\/www.cor-biskupija.org\/wp-content\/uploads\/2021\/11\/Screenshot-2021-11-26-123049.jpg\" alt=\"\" width=\"1822\" height=\"418\" srcset=\"https:\/\/www.cor-biskupija.org\/wp-content\/uploads\/2021\/11\/Screenshot-2021-11-26-123049.jpg 1822w, https:\/\/www.cor-biskupija.org\/wp-content\/uploads\/2021\/11\/Screenshot-2021-11-26-123049-600x138.jpg 600w, https:\/\/www.cor-biskupija.org\/wp-content\/uploads\/2021\/11\/Screenshot-2021-11-26-123049-300x69.jpg 300w, https:\/\/www.cor-biskupija.org\/wp-content\/uploads\/2021\/11\/Screenshot-2021-11-26-123049-1024x235.jpg 1024w, https:\/\/www.cor-biskupija.org\/wp-content\/uploads\/2021\/11\/Screenshot-2021-11-26-123049-768x176.jpg 768w, https:\/\/www.cor-biskupija.org\/wp-content\/uploads\/2021\/11\/Screenshot-2021-11-26-123049-1536x352.jpg 1536w\" sizes=\"(max-width: 1822px) 100vw, 1822px\" \/><\/p>\t\t\t\t\t\t<\/div>\n\t\t\t\t<\/div>\n\t\t\t\t\t<\/div>\n\t\t<\/div>\n\t\t\t\t\t\t\t<\/div>\n\t\t<\/section>\n\t\t\t\t\t\t<\/div>\n\t\t\t\t\t<\/div>\n\t\t","protected":false},"excerpt":{"rendered":"<p>Donatori Projekt je sufinancirala Europska unija iz Europskog socijalnog fonda putem Operativnog programa \u201eU\u010dinkoviti ljudski potencijali\u201c 2014. \u2013 2020., u okviru instrumenta \u201eProstori sudjelovanja \u2013 razvoj programa revitalizacije prostora u &hellip;<\/p>\n<p class=\"read-more\"> <a class=\"\" href=\"https:\/\/www.cor-biskupija.org\/home\/donatori\/\"> <span class=\"screen-reader-text\">Donatori<\/span> Read More &raquo;<\/a><\/p>\n","protected":false},"author":3,"featured_media":0,"parent":0,"menu_order":0,"comment_status":"closed","ping_status":"closed","template":"","meta":{"site-sidebar-layout":"no-sidebar","site-content-layout":"page-builder","ast-global-header-display":"","ast-main-header-display":"","ast-hfb-above-header-display":"","ast-hfb-below-header-display":"","ast-hfb-mobile-header-display":"","site-post-title":"disabled","ast-breadcrumbs-content":"","ast-featured-img":"disabled","footer-sml-layout":"","theme-transparent-header-meta":"","adv-header-id-meta":"","stick-header-meta":"","header-above-stick-meta":"","header-main-stick-meta":"","header-below-stick-meta":""},"_links":{"self":[{"href":"https:\/\/www.cor-biskupija.org\/home\/wp-json\/wp\/v2\/pages\/923"}],"collection":[{"href":"https:\/\/www.cor-biskupija.org\/home\/wp-json\/wp\/v2\/pages"}],"about":[{"href":"https:\/\/www.cor-biskupija.org\/home\/wp-json\/wp\/v2\/types\/page"}],"author":[{"embeddable":true,"href":"https:\/\/www.cor-biskupija.org\/home\/wp-json\/wp\/v2\/users\/3"}],"replies":[{"embeddable":true,"href":"https:\/\/www.cor-biskupija.org\/home\/wp-json\/wp\/v2\/comments?post=923"}],"version-history":[{"count":121,"href":"https:\/\/www.cor-biskupija.org\/home\/wp-json\/wp\/v2\/pages\/923\/revisions"}],"predecessor-version":[{"id":3178,"href":"https:\/\/www.cor-biskupija.org\/home\/wp-json\/wp\/v2\/pages\/923\/revisions\/3178"}],"wp:attachment":[{"href":"https:\/\/www.cor-biskupija.org\/home\/wp-json\/wp\/v2\/media?parent=923"}],"curies":[{"name":"wp","href":"https:\/\/api.w.org\/{rel}","templated":true}]}}